{"id":4789,"date":"2025-11-27T13:15:45","date_gmt":"2025-11-27T13:15:45","guid":{"rendered":"https:\/\/bigbazardsenegal.com\/product\/blush-marshmallow-%f0%9f%8d%ad\/"},"modified":"2026-02-06T19:55:47","modified_gmt":"2026-02-06T19:55:47","slug":"blush-marshmallow-%f0%9f%8d%ad","status":"publish","type":"product","link":"https:\/\/bigbazardsenegal.com\/en\/product\/blush-marshmallow-%f0%9f%8d%ad\/","title":{"rendered":"BLUSH\/ MARSHMALLOW \ud83c\udf6d"},"content":{"rendered":"<p><strong><\/strong><\/p>\n<p style=\"margin: 0px 0px 10px;font-family: Lora;font-size: 14px;font-style: normal;font-weight: 400;letter-spacing: normal;text-align: start;text-indent: 0px;text-transform: none;text-decoration: none\"><strong>Le parfum<span class=\"Apple-converted-space\">&nbsp;<\/span><\/strong><strong style=\"font-weight: 700\">Blush<\/strong><strong><span class=\"Apple-converted-space\">&nbsp;<\/span>de Paris Corner est une fragrance orientale florale, appartenant \u00e0 la gamme des parfums de cr\u00e9ateurs de la marque. Paris Corner est une maison de parfum connue pour ses cr\u00e9ations luxueuses qui visent \u00e0 offrir des exp\u00e9riences olfactives riches et sophistiqu\u00e9es. Blush, en particulier, est un parfum qui combine des notes florales et fruit\u00e9es, cr\u00e9ant ainsi une sensation de douceur et de fra\u00eecheur.<\/strong><\/p>\n<p style=\"margin: 0px 0px 10px;font-family: Lora;font-size: 14px;font-style: normal;font-weight: 400;letter-spacing: normal;text-align: start;text-indent: 0px;text-transform: none;text-decoration: none\"><strong>Les notes de t\u00eate de Blush incluent souvent des fruits frais, comme la poire ou la framboise, qui donnent imm\u00e9diatement une sensation de l\u00e9g\u00e8ret\u00e9 et de vivacit\u00e9. Ensuite, on retrouve des notes florales comme la rose et le jasmin, qui apportent une touche de f\u00e9minit\u00e9 et de sensualit\u00e9. La base du parfum est souvent compos\u00e9e de musc et de bois, ce qui ajoute de la profondeur et de la chaleur \u00e0 la fragrance.<\/strong><\/p>\n<p><strong><br \/>\n<\/strong><\/p>","protected":false},"excerpt":{"rendered":"<p>Le parfum&nbsp;Blush&nbsp;de Paris Corner est une fragrance orientale florale, appartenant \u00e0 la gamme des parfums de cr\u00e9ateurs de la marque. Paris Corner est une maison de parfum connue pour ses cr\u00e9ations luxueuses qui visent \u00e0 offrir des exp\u00e9riences olfactives riches et sophistiqu\u00e9es. Blush, en particulier, est un parfum qui combine des notes florales et fruit\u00e9es, [&hellip;]<\/p>","protected":false},"featured_media":4786,"comment_status":"open","ping_status":"closed","template":"","meta":[],"product_brand":[],"product_cat":[15,216,217],"product_tag":[],"class_list":{"0":"post-4789","1":"product","2":"type-product","3":"status-publish","4":"has-post-thumbnail","6":"product_cat-autre","7":"product_cat-femme","8":"product_cat-parfum","10":"first","11":"instock","12":"shipping-taxable","13":"purchasable","14":"product-type-simple"},"_links":{"self":[{"href":"https:\/\/bigbazardsenegal.com\/en\/wp-json\/wp\/v2\/product\/4789","targetHints":{"allow":["GET"]}}],"collection":[{"href":"https:\/\/bigbazardsenegal.com\/en\/wp-json\/wp\/v2\/product"}],"about":[{"href":"https:\/\/bigbazardsenegal.com\/en\/wp-json\/wp\/v2\/types\/product"}],"replies":[{"embeddable":true,"href":"https:\/\/bigbazardsenegal.com\/en\/wp-json\/wp\/v2\/comments?post=4789"}],"wp:featuredmedia":[{"embeddable":true,"href":"https:\/\/bigbazardsenegal.com\/en\/wp-json\/wp\/v2\/media\/4786"}],"wp:attachment":[{"href":"https:\/\/bigbazardsenegal.com\/en\/wp-json\/wp\/v2\/media?parent=4789"}],"wp:term":[{"taxonomy":"product_brand","embeddable":true,"href":"https:\/\/bigbazardsenegal.com\/en\/wp-json\/wp\/v2\/product_brand?post=4789"},{"taxonomy":"product_cat","embeddable":true,"href":"https:\/\/bigbazardsenegal.com\/en\/wp-json\/wp\/v2\/product_cat?post=4789"},{"taxonomy":"product_tag","embeddable":true,"href":"https:\/\/bigbazardsenegal.com\/en\/wp-json\/wp\/v2\/product_tag?post=4789"}],"curies":[{"name":"wp","href":"https:\/\/api.w.org\/{rel}","templated":true}]}}