{"id":4780,"date":"2025-11-26T15:05:41","date_gmt":"2025-11-26T15:05:41","guid":{"rendered":"https:\/\/bigbazardsenegal.com\/product\/liquid-brun\/"},"modified":"2025-11-27T01:39:23","modified_gmt":"2025-11-27T01:39:23","slug":"liquid-brun","status":"publish","type":"product","link":"https:\/\/bigbazardsenegal.com\/en\/product\/liquid-brun\/","title":{"rendered":"LIQUID BRUN"},"content":{"rendered":"<p><strong><\/strong><\/p>\n<ul class=\"a-unordered-list a-vertical a-spacing-none\" style=\"margin: 0px 0px 0px 1.8rem;padding: 0px;font-family: Arial, sans-serif;font-size: 16px;font-style: normal;font-weight: 400;letter-spacing: normal;text-align: start;text-indent: 0px;text-transform: none;text-decoration: none\">\n<li class=\"a-spacing-mini\" style=\"margin: 0px\"><span class=\"a-list-item\"><strong>Parfum liquide de qualit\u00e9 sup\u00e9rieure: Profitez de ce parfum liquide de haute qualit\u00e9 de la marque French Avenue, offrant une fragrance unique et captivante.<\/strong><\/span><\/li>\n<li class=\"a-spacing-mini\" style=\"margin: 0px\"><span class=\"a-list-item\"><strong>Flacon \u00e9l\u00e9gant de 100 ml: Ce parfum est pr\u00e9sent\u00e9 dans un flacon \u00e9l\u00e9gant d&rsquo;une contenance de 100 ml, id\u00e9al pour une utilisation quotidienne.<\/strong><\/span><\/li>\n<li class=\"a-spacing-mini\" style=\"margin: 0px\"><span class=\"a-list-item\"><strong>Longue dur\u00e9e: Formul\u00e9 avec des ingr\u00e9dients de qualit\u00e9, ce parfum offre une longue dur\u00e9e de diffusion pour une exp\u00e9rience olfactive prolong\u00e9e.<\/strong><\/span><\/li>\n<li class=\"a-spacing-mini\" style=\"margin: 0px\"><span class=\"a-list-item\"><strong>Polyvalent: Convenant \u00e0 diverses occasions, ce parfum liquide peut \u00eatre port\u00e9 au travail, lors de sorties ou \u00e0 la maison pour une touche de fra\u00eecheur.<\/strong><\/span><\/li>\n<\/ul>","protected":false},"excerpt":{"rendered":"<p>Parfum liquide de qualit\u00e9 sup\u00e9rieure: Profitez de ce parfum liquide de haute qualit\u00e9 de la marque French Avenue, offrant une fragrance unique et captivante. Flacon \u00e9l\u00e9gant de 100 ml: Ce parfum est pr\u00e9sent\u00e9 dans un flacon \u00e9l\u00e9gant d&rsquo;une contenance de 100 ml, id\u00e9al pour une utilisation quotidienne. Longue dur\u00e9e: Formul\u00e9 avec des ingr\u00e9dients de qualit\u00e9, [&hellip;]<\/p>","protected":false},"featured_media":4777,"comment_status":"open","ping_status":"closed","template":"","meta":[],"product_brand":[],"product_cat":[15,218,215,217],"product_tag":[],"class_list":{"0":"post-4780","1":"product","2":"type-product","3":"status-publish","4":"has-post-thumbnail","6":"product_cat-autre","7":"product_cat-favori","8":"product_cat-homme","9":"product_cat-parfum","11":"first","12":"instock","13":"sold-individually","14":"shipping-taxable","15":"purchasable","16":"product-type-simple"},"_links":{"self":[{"href":"https:\/\/bigbazardsenegal.com\/en\/wp-json\/wp\/v2\/product\/4780","targetHints":{"allow":["GET"]}}],"collection":[{"href":"https:\/\/bigbazardsenegal.com\/en\/wp-json\/wp\/v2\/product"}],"about":[{"href":"https:\/\/bigbazardsenegal.com\/en\/wp-json\/wp\/v2\/types\/product"}],"replies":[{"embeddable":true,"href":"https:\/\/bigbazardsenegal.com\/en\/wp-json\/wp\/v2\/comments?post=4780"}],"wp:featuredmedia":[{"embeddable":true,"href":"https:\/\/bigbazardsenegal.com\/en\/wp-json\/wp\/v2\/media\/4777"}],"wp:attachment":[{"href":"https:\/\/bigbazardsenegal.com\/en\/wp-json\/wp\/v2\/media?parent=4780"}],"wp:term":[{"taxonomy":"product_brand","embeddable":true,"href":"https:\/\/bigbazardsenegal.com\/en\/wp-json\/wp\/v2\/product_brand?post=4780"},{"taxonomy":"product_cat","embeddable":true,"href":"https:\/\/bigbazardsenegal.com\/en\/wp-json\/wp\/v2\/product_cat?post=4780"},{"taxonomy":"product_tag","embeddable":true,"href":"https:\/\/bigbazardsenegal.com\/en\/wp-json\/wp\/v2\/product_tag?post=4780"}],"curies":[{"name":"wp","href":"https:\/\/api.w.org\/{rel}","templated":true}]}}