{"id":4459,"date":"2023-12-14T19:41:54","date_gmt":"2023-12-14T19:41:54","guid":{"rendered":"https:\/\/bigbazard.com\/product\/vaseline-cocoa-radiant-body-oil-with-pure-cocoa-butter-body-oil-200ml\/"},"modified":"2023-12-14T19:42:22","modified_gmt":"2023-12-14T19:42:22","slug":"vaseline-cocoa-radiant-body-oil-with-pure-cocoa-butter-body-oil-200ml","status":"publish","type":"product","link":"https:\/\/bigbazardsenegal.com\/en\/product\/vaseline-cocoa-radiant-body-oil-with-pure-cocoa-butter-body-oil-200ml\/","title":{"rendered":"Vaseline Cocoa Radiant Body Oil With Pure Cocoa Butter Body Oil \n200ml"},"content":{"rendered":"<p>Fabriqu\u00e9e avec du beurre de cacao et un m\u00e9lange de gel\u00e9e de vaseline, l&rsquo;huile de gel corporel rayonnante de cacao pour soins intensifs Vaseline aide \u00e0 garder votre peau saine et fra\u00eeche. Notre formule riche combine 100 % de cacao pur et de beurres de karit\u00e9, vous donnant un \u00e9clat naturel. Deep Moisturizing Daily Body Gel Oil Vaseline Intensive Care Cocoa Radiant Body Gel Oil va au-del\u00e0 de l&rsquo;hydratation de base. Notre gamme de soins intensifs travaille pour gu\u00e9rir la peau s\u00e8che en profondeur. Vaseline Intensive Care Cocoa Radiant Body Gel Oil contient des micro-gouttelettes curatives de gel\u00e9e de vaseline qui retiennent l&rsquo;humidit\u00e9. Notre huile de gel hydratant pour le corps restaure l&rsquo;hydratation essentielle dont votre peau a besoin avec un m\u00e9lange d&rsquo;ingr\u00e9dients nourrissants et donne \u00e0 la peau un \u00e9clat naturel et sain. Avec l&rsquo;exposition quotidienne \u00e0 des d\u00e9clencheurs environnementaux, la barri\u00e8re d&rsquo;humidit\u00e9 naturelle de la peau peut se d\u00e9composer, permettant \u00e0 l&rsquo;eau de s&rsquo;\u00e9chapper de la peau.<\/p>","protected":false},"excerpt":{"rendered":"<p>Fabriqu\u00e9e avec du beurre de cacao et un m\u00e9lange de gel\u00e9e de vaseline, l&rsquo;huile de gel corporel rayonnante de cacao pour soins intensifs Vaseline aide \u00e0 garder votre peau saine et fra\u00eeche. Notre formule riche combine 100 % de cacao pur et de beurres de karit\u00e9, vous donnant un \u00e9clat naturel. Deep Moisturizing Daily Body [&hellip;]<\/p>","protected":false},"featured_media":4457,"comment_status":"open","ping_status":"closed","template":"","meta":[],"product_brand":[],"product_cat":[15,236,218,216],"product_tag":[],"class_list":{"0":"post-4459","1":"product","2":"type-product","3":"status-publish","4":"has-post-thumbnail","6":"product_cat-autre","7":"product_cat-body","8":"product_cat-favori","9":"product_cat-femme","11":"first","12":"instock","13":"shipping-taxable","14":"purchasable","15":"product-type-simple"},"_links":{"self":[{"href":"https:\/\/bigbazardsenegal.com\/en\/wp-json\/wp\/v2\/product\/4459","targetHints":{"allow":["GET"]}}],"collection":[{"href":"https:\/\/bigbazardsenegal.com\/en\/wp-json\/wp\/v2\/product"}],"about":[{"href":"https:\/\/bigbazardsenegal.com\/en\/wp-json\/wp\/v2\/types\/product"}],"replies":[{"embeddable":true,"href":"https:\/\/bigbazardsenegal.com\/en\/wp-json\/wp\/v2\/comments?post=4459"}],"wp:featuredmedia":[{"embeddable":true,"href":"https:\/\/bigbazardsenegal.com\/en\/wp-json\/wp\/v2\/media\/4457"}],"wp:attachment":[{"href":"https:\/\/bigbazardsenegal.com\/en\/wp-json\/wp\/v2\/media?parent=4459"}],"wp:term":[{"taxonomy":"product_brand","embeddable":true,"href":"https:\/\/bigbazardsenegal.com\/en\/wp-json\/wp\/v2\/product_brand?post=4459"},{"taxonomy":"product_cat","embeddable":true,"href":"https:\/\/bigbazardsenegal.com\/en\/wp-json\/wp\/v2\/product_cat?post=4459"},{"taxonomy":"product_tag","embeddable":true,"href":"https:\/\/bigbazardsenegal.com\/en\/wp-json\/wp\/v2\/product_tag?post=4459"}],"curies":[{"name":"wp","href":"https:\/\/api.w.org\/{rel}","templated":true}]}}