{"id":4445,"date":"2023-11-30T15:38:59","date_gmt":"2023-11-30T15:38:59","guid":{"rendered":"https:\/\/bigbazard.com\/product\/parfums-zara\/"},"modified":"2023-11-30T15:42:53","modified_gmt":"2023-11-30T15:42:53","slug":"parfums-zara","status":"publish","type":"product","link":"https:\/\/bigbazardsenegal.com\/en\/product\/parfums-zara\/","title":{"rendered":"Parfums ZARA"},"content":{"rendered":"<p><span style=\"font-family: Roboto, sans-serif;font-size: 14px;font-style: normal;font-weight: 400;letter-spacing: 0.5px;text-align: start;text-indent: 0px;text-transform: none;text-decoration: none;float: none\"><strong>ZARA WONDER ROSE SUBLIME EDP 90 ML OZ) est une eau de t\u00eate florale, verte, \u00e9blouissante et irr\u00e9sistiblement f\u00e9minine.<\/strong><\/span><\/p>","protected":false},"excerpt":{"rendered":"<p>ZARA WONDER ROSE SUBLIME EDP 90 ML OZ) est une eau de t\u00eate florale, verte, \u00e9blouissante et irr\u00e9sistiblement f\u00e9minine.<\/p>","protected":false},"featured_media":4444,"comment_status":"open","ping_status":"closed","template":"","meta":[],"product_brand":[],"product_cat":[218,216,217],"product_tag":[],"class_list":{"0":"post-4445","1":"product","2":"type-product","3":"status-publish","4":"has-post-thumbnail","6":"product_cat-favori","7":"product_cat-femme","8":"product_cat-parfum","10":"first","11":"instock","12":"shipping-taxable","13":"purchasable","14":"product-type-simple"},"_links":{"self":[{"href":"https:\/\/bigbazardsenegal.com\/en\/wp-json\/wp\/v2\/product\/4445","targetHints":{"allow":["GET"]}}],"collection":[{"href":"https:\/\/bigbazardsenegal.com\/en\/wp-json\/wp\/v2\/product"}],"about":[{"href":"https:\/\/bigbazardsenegal.com\/en\/wp-json\/wp\/v2\/types\/product"}],"replies":[{"embeddable":true,"href":"https:\/\/bigbazardsenegal.com\/en\/wp-json\/wp\/v2\/comments?post=4445"}],"wp:featuredmedia":[{"embeddable":true,"href":"https:\/\/bigbazardsenegal.com\/en\/wp-json\/wp\/v2\/media\/4444"}],"wp:attachment":[{"href":"https:\/\/bigbazardsenegal.com\/en\/wp-json\/wp\/v2\/media?parent=4445"}],"wp:term":[{"taxonomy":"product_brand","embeddable":true,"href":"https:\/\/bigbazardsenegal.com\/en\/wp-json\/wp\/v2\/product_brand?post=4445"},{"taxonomy":"product_cat","embeddable":true,"href":"https:\/\/bigbazardsenegal.com\/en\/wp-json\/wp\/v2\/product_cat?post=4445"},{"taxonomy":"product_tag","embeddable":true,"href":"https:\/\/bigbazardsenegal.com\/en\/wp-json\/wp\/v2\/product_tag?post=4445"}],"curies":[{"name":"wp","href":"https:\/\/api.w.org\/{rel}","templated":true}]}}