{"id":4267,"date":"2023-11-11T19:06:57","date_gmt":"2023-11-11T19:06:57","guid":{"rendered":"https:\/\/bigbazard.com\/product\/produit\/"},"modified":"2023-11-11T19:08:09","modified_gmt":"2023-11-11T19:08:09","slug":"produit","status":"publish","type":"product","link":"https:\/\/bigbazardsenegal.com\/en\/product\/produit\/","title":{"rendered":"Mini-LV"},"content":{"rendered":null,"protected":false},"excerpt":{"rendered":"<p>Sac tr\u00e8s classe de LV pour petites sorties ou d\u00een\u00e9s<\/p>","protected":false},"featured_media":4265,"comment_status":"open","ping_status":"closed","template":"","meta":[],"product_brand":[],"product_cat":[218,216,210],"product_tag":[242],"class_list":{"0":"post-4267","1":"product","2":"type-product","3":"status-publish","4":"has-post-thumbnail","6":"product_cat-favori","7":"product_cat-femme","8":"product_cat-sac","9":"product_tag-louis-vuitton","11":"first","12":"instock","13":"shipping-taxable","14":"purchasable","15":"product-type-simple"},"_links":{"self":[{"href":"https:\/\/bigbazardsenegal.com\/en\/wp-json\/wp\/v2\/product\/4267","targetHints":{"allow":["GET"]}}],"collection":[{"href":"https:\/\/bigbazardsenegal.com\/en\/wp-json\/wp\/v2\/product"}],"about":[{"href":"https:\/\/bigbazardsenegal.com\/en\/wp-json\/wp\/v2\/types\/product"}],"replies":[{"embeddable":true,"href":"https:\/\/bigbazardsenegal.com\/en\/wp-json\/wp\/v2\/comments?post=4267"}],"wp:featuredmedia":[{"embeddable":true,"href":"https:\/\/bigbazardsenegal.com\/en\/wp-json\/wp\/v2\/media\/4265"}],"wp:attachment":[{"href":"https:\/\/bigbazardsenegal.com\/en\/wp-json\/wp\/v2\/media?parent=4267"}],"wp:term":[{"taxonomy":"product_brand","embeddable":true,"href":"https:\/\/bigbazardsenegal.com\/en\/wp-json\/wp\/v2\/product_brand?post=4267"},{"taxonomy":"product_cat","embeddable":true,"href":"https:\/\/bigbazardsenegal.com\/en\/wp-json\/wp\/v2\/product_cat?post=4267"},{"taxonomy":"product_tag","embeddable":true,"href":"https:\/\/bigbazardsenegal.com\/en\/wp-json\/wp\/v2\/product_tag?post=4267"}],"curies":[{"name":"wp","href":"https:\/\/api.w.org\/{rel}","templated":true}]}}